{"id":8634,"date":"2024-04-23T14:12:00","date_gmt":"2024-04-23T12:12:00","guid":{"rendered":"https:\/\/www.saefte-vom-bodensee.de\/schloer\/?page_id=8634"},"modified":"2024-04-23T14:12:00","modified_gmt":"2024-04-23T12:12:00","slug":"ratoldus-tafelwasser","status":"publish","type":"page","link":"https:\/\/www.saefte-vom-bodensee.de\/schloer\/ratoldus-tafelwasser\/","title":{"rendered":"Ratoldus Tafelwasser"},"content":{"rendered":"\t\t<div data-elementor-type=\"wp-page\" data-elementor-id=\"8634\" class=\"elementor elementor-8634\" data-elementor-post-type=\"page\">\n\t\t\t\t\t\t<section class=\"elementor-section elementor-top-section elementor-element elementor-element-e696605 elementor-section-boxed elementor-section-height-default elementor-section-height-default\" data-id=\"e696605\" data-element_type=\"section\" data-e-type=\"section\">\n\t\t\t\t\t\t<div class=\"elementor-container elementor-column-gap-default\">\n\t\t\t\t\t<div class=\"elementor-column elementor-col-50 elementor-top-column elementor-element elementor-element-5b766de\" data-id=\"5b766de\" data-element_type=\"column\" data-e-type=\"column\">\n\t\t\t<div class=\"elementor-widget-wrap elementor-element-populated\">\n\t\t\t\t\t\t<div class=\"elementor-element elementor-element-c2de86f elementor-widget elementor-widget-heading\" data-id=\"c2de86f\" data-element_type=\"widget\" data-e-type=\"widget\" data-widget_type=\"heading.default\">\n\t\t\t\t<div class=\"elementor-widget-container\">\n\t\t\t\t\t<h2 class=\"elementor-heading-title elementor-size-default\">Ratoldus Tafelwasser<\/h2>\t\t\t\t<\/div>\n\t\t\t\t<\/div>\n\t\t\t\t<div class=\"elementor-element elementor-element-3c98354 elementor-widget elementor-widget-text-editor\" data-id=\"3c98354\" data-element_type=\"widget\" data-e-type=\"widget\" data-widget_type=\"text-editor.default\">\n\t\t\t\t<div class=\"elementor-widget-container\">\n\t\t\t\t\t\t\t\t\t<p>Ratoldus von Verona, der Gru\u0308nder und Namensgeber von Radolfzell, ziert natu\u0308rlich auch weiterhin das neue Design von Ratoldus. Ratoldus ist bestens geeignet fu\u0308r eine natriumarme Ern\u00e4hrung. Au\u00dferdem gibt es das beliebte Wasser jetzt auch als \u201eClassic\u201c-Variante mit extra viel Kohlens\u00e4ure. Genie\u00dfen Sie das wohltuend reine Prickeln aus der Bodensee-Region!<\/p>\t\t\t\t\t\t\t\t<\/div>\n\t\t\t\t<\/div>\n\t\t\t\t\t<\/div>\n\t\t<\/div>\n\t\t\t\t<div class=\"elementor-column elementor-col-50 elementor-top-column elementor-element elementor-element-65786b3\" data-id=\"65786b3\" data-element_type=\"column\" data-e-type=\"column\">\n\t\t\t<div class=\"elementor-widget-wrap elementor-element-populated\">\n\t\t\t\t\t\t<div class=\"elementor-element elementor-element-14e0cbe elementor-widget elementor-widget-image\" data-id=\"14e0cbe\" data-element_type=\"widget\" data-e-type=\"widget\" data-widget_type=\"image.default\">\n\t\t\t\t<div class=\"elementor-widget-container\">\n\t\t\t\t\t\t\t\t\t\t\t\t\t\t\t<img fetchpriority=\"high\" decoding=\"async\" width=\"1352\" height=\"1352\" src=\"https:\/\/www.saefte-vom-bodensee.de\/schloer\/wp-content\/uploads\/sites\/4\/2024\/04\/SLR-Ratoldus-Tafelwasser-05l.png\" class=\"attachment-full size-full wp-image-8636\" alt=\"\" srcset=\"https:\/\/www.saefte-vom-bodensee.de\/schloer\/wp-content\/uploads\/sites\/4\/2024\/04\/SLR-Ratoldus-Tafelwasser-05l.png 1352w, https:\/\/www.saefte-vom-bodensee.de\/schloer\/wp-content\/uploads\/sites\/4\/2024\/04\/SLR-Ratoldus-Tafelwasser-05l-480x480.png 480w, https:\/\/www.saefte-vom-bodensee.de\/schloer\/wp-content\/uploads\/sites\/4\/2024\/04\/SLR-Ratoldus-Tafelwasser-05l-1024x1024.png 1024w, https:\/\/www.saefte-vom-bodensee.de\/schloer\/wp-content\/uploads\/sites\/4\/2024\/04\/SLR-Ratoldus-Tafelwasser-05l-150x150.png 150w, https:\/\/www.saefte-vom-bodensee.de\/schloer\/wp-content\/uploads\/sites\/4\/2024\/04\/SLR-Ratoldus-Tafelwasser-05l-768x768.png 768w, https:\/\/www.saefte-vom-bodensee.de\/schloer\/wp-content\/uploads\/sites\/4\/2024\/04\/SLR-Ratoldus-Tafelwasser-05l-50x50.png 50w, https:\/\/www.saefte-vom-bodensee.de\/schloer\/wp-content\/uploads\/sites\/4\/2024\/04\/SLR-Ratoldus-Tafelwasser-05l-146x146.png 146w, https:\/\/www.saefte-vom-bodensee.de\/schloer\/wp-content\/uploads\/sites\/4\/2024\/04\/SLR-Ratoldus-Tafelwasser-05l-75x75.png 75w, https:\/\/www.saefte-vom-bodensee.de\/schloer\/wp-content\/uploads\/sites\/4\/2024\/04\/SLR-Ratoldus-Tafelwasser-05l-85x85.png 85w, https:\/\/www.saefte-vom-bodensee.de\/schloer\/wp-content\/uploads\/sites\/4\/2024\/04\/SLR-Ratoldus-Tafelwasser-05l-80x80.png 80w\" sizes=\"(max-width: 1352px) 100vw, 1352px\" \/>\t\t\t\t\t\t\t\t\t\t\t\t\t\t\t<\/div>\n\t\t\t\t<\/div>\n\t\t\t\t\t<\/div>\n\t\t<\/div>\n\t\t\t\t\t<\/div>\n\t\t<\/section>\n\t\t\t\t<section class=\"elementor-section elementor-top-section elementor-element elementor-element-463a2d3 elementor-section-full_width elementor-section-height-default elementor-section-height-default\" data-id=\"463a2d3\" data-element_type=\"section\" data-e-type=\"section\">\n\t\t\t\t\t\t<div class=\"elementor-container elementor-column-gap-default\">\n\t\t\t\t\t<div class=\"elementor-column elementor-col-100 elementor-top-column elementor-element elementor-element-43b7c74\" data-id=\"43b7c74\" data-element_type=\"column\" data-e-type=\"column\">\n\t\t\t<div class=\"elementor-widget-wrap elementor-element-populated\">\n\t\t\t\t\t\t<div class=\"elementor-element elementor-element-4ec9309 elementor-widget elementor-widget-shortcode\" data-id=\"4ec9309\" data-element_type=\"widget\" data-e-type=\"widget\" data-widget_type=\"shortcode.default\">\n\t\t\t\t<div class=\"elementor-widget-container\">\n\t\t\t\t\t\t\t<div class=\"elementor-shortcode\">\t\t<div data-elementor-type=\"section\" data-elementor-id=\"8083\" class=\"elementor elementor-8083\" data-elementor-post-type=\"elementor_library\">\n\t\t\t\t\t<section class=\"elementor-section elementor-top-section elementor-element elementor-element-201123b elementor-section-full_width elementor-section-height-min-height elementor-section-height-default elementor-section-items-middle\" data-id=\"201123b\" data-element_type=\"section\" data-e-type=\"section\" data-settings=\"{&quot;background_background&quot;:&quot;classic&quot;}\">\n\t\t\t\t\t\t\t<div class=\"elementor-background-overlay\"><\/div>\n\t\t\t\t\t\t\t<div class=\"elementor-container elementor-column-gap-default\">\n\t\t\t\t\t<div class=\"elementor-column elementor-col-100 elementor-top-column elementor-element elementor-element-fc5dd61\" data-id=\"fc5dd61\" data-element_type=\"column\" data-e-type=\"column\">\n\t\t\t<div class=\"elementor-widget-wrap\">\n\t\t\t\t\t\t\t<\/div>\n\t\t<\/div>\n\t\t\t\t\t<\/div>\n\t\t<\/section>\n\t\t\t\t<\/div>\n\t\t<\/div>\n\t\t\t\t\t\t<\/div>\n\t\t\t\t<\/div>\n\t\t\t\t\t<\/div>\n\t\t<\/div>\n\t\t\t\t\t<\/div>\n\t\t<\/section>\n\t\t\t\t<section class=\"elementor-section elementor-top-section elementor-element elementor-element-77d48d9 elementor-section-full_width elementor-section-height-default elementor-section-height-default\" data-id=\"77d48d9\" data-element_type=\"section\" data-e-type=\"section\">\n\t\t\t\t\t\t<div class=\"elementor-container elementor-column-gap-default\">\n\t\t\t\t\t<div class=\"elementor-column elementor-col-100 elementor-top-column elementor-element elementor-element-e54f3ec\" data-id=\"e54f3ec\" data-element_type=\"column\" data-e-type=\"column\">\n\t\t\t<div class=\"elementor-widget-wrap elementor-element-populated\">\n\t\t\t\t\t\t<div class=\"elementor-element elementor-element-60c22b7 elementor-widget elementor-widget-heading\" data-id=\"60c22b7\" data-element_type=\"widget\" data-e-type=\"widget\" data-widget_type=\"heading.default\">\n\t\t\t\t<div class=\"elementor-widget-container\">\n\t\t\t\t\t<h2 class=\"elementor-heading-title elementor-size-default\">Unsere Ratoldus Tafelwasser<\/h2>\t\t\t\t<\/div>\n\t\t\t\t<\/div>\n\t\t\t\t<div class=\"elementor-element elementor-element-c16ed12 elementor-grid-4 elementor-grid-tablet-2 elementor-grid-mobile-1 elementor-widget elementor-widget-portfolio\" data-id=\"c16ed12\" data-element_type=\"widget\" data-e-type=\"widget\" data-settings=\"{&quot;masonry&quot;:&quot;yes&quot;,&quot;_animation&quot;:&quot;none&quot;,&quot;columns&quot;:&quot;4&quot;,&quot;row_gap&quot;:{&quot;unit&quot;:&quot;px&quot;,&quot;size&quot;:20,&quot;sizes&quot;:[]},&quot;columns_tablet&quot;:&quot;2&quot;,&quot;columns_mobile&quot;:&quot;1&quot;,&quot;item_gap&quot;:{&quot;unit&quot;:&quot;px&quot;,&quot;size&quot;:&quot;&quot;,&quot;sizes&quot;:[]}}\" data-widget_type=\"portfolio.default\">\n\t\t\t\t<div class=\"elementor-widget-container\">\n\t\t\t\t\t\t\t<div class=\"elementor-portfolio elementor-grid elementor-posts-container\" role=\"list\">\n\t\t\t\t<article class=\"elementor-portfolio-item elementor-post elementor-filter-57 post-8609 portfolio type-portfolio status-publish has-post-thumbnail hentry portfolio-types-ratoldus-tafelwasser\" role=\"listitem\">\n\t\t\t<a class=\"elementor-post__thumbnail__link\" href=\"https:\/\/www.saefte-vom-bodensee.de\/schloer\/blog\/portfolio-item\/ratoldus-tafelwasser-classic\/\">\n\t\t\t\t<div class=\"elementor-portfolio-item__img elementor-post__thumbnail\">\n\t\t\t<img decoding=\"async\" width=\"1088\" height=\"1269\" src=\"https:\/\/www.saefte-vom-bodensee.de\/schloer\/wp-content\/uploads\/sites\/4\/2024\/04\/SLR-Ratoldus-Tafelwasser-Classic-05L.png\" class=\"attachment-full size-full wp-image-8614\" alt=\"\" srcset=\"https:\/\/www.saefte-vom-bodensee.de\/schloer\/wp-content\/uploads\/sites\/4\/2024\/04\/SLR-Ratoldus-Tafelwasser-Classic-05L.png 1088w, https:\/\/www.saefte-vom-bodensee.de\/schloer\/wp-content\/uploads\/sites\/4\/2024\/04\/SLR-Ratoldus-Tafelwasser-Classic-05L-480x560.png 480w, https:\/\/www.saefte-vom-bodensee.de\/schloer\/wp-content\/uploads\/sites\/4\/2024\/04\/SLR-Ratoldus-Tafelwasser-Classic-05L-1024x1194.png 1024w, https:\/\/www.saefte-vom-bodensee.de\/schloer\/wp-content\/uploads\/sites\/4\/2024\/04\/SLR-Ratoldus-Tafelwasser-Classic-05L-129x150.png 129w, https:\/\/www.saefte-vom-bodensee.de\/schloer\/wp-content\/uploads\/sites\/4\/2024\/04\/SLR-Ratoldus-Tafelwasser-Classic-05L-768x896.png 768w, https:\/\/www.saefte-vom-bodensee.de\/schloer\/wp-content\/uploads\/sites\/4\/2024\/04\/SLR-Ratoldus-Tafelwasser-Classic-05L-43x50.png 43w, https:\/\/www.saefte-vom-bodensee.de\/schloer\/wp-content\/uploads\/sites\/4\/2024\/04\/SLR-Ratoldus-Tafelwasser-Classic-05L-125x146.png 125w, https:\/\/www.saefte-vom-bodensee.de\/schloer\/wp-content\/uploads\/sites\/4\/2024\/04\/SLR-Ratoldus-Tafelwasser-Classic-05L-64x75.png 64w\" sizes=\"(max-width: 1088px) 100vw, 1088px\" \/>\t\t<\/div>\n\t\t\t\t<div class=\"elementor-portfolio-item__overlay\">\n\t\t\t\t<h3 class=\"elementor-portfolio-item__title\">\n\t\tRatoldus Tafelwasser Classic\t\t<\/h3>\n\t\t\t\t<\/div>\n\t\t\t\t<\/a>\n\t\t<\/article>\n\t\t\t\t<article class=\"elementor-portfolio-item elementor-post elementor-filter-57 post-8619 portfolio type-portfolio status-publish has-post-thumbnail hentry portfolio-types-ratoldus-tafelwasser\" role=\"listitem\">\n\t\t\t<a class=\"elementor-post__thumbnail__link\" href=\"https:\/\/www.saefte-vom-bodensee.de\/schloer\/blog\/portfolio-item\/ratoldus-tafelwasser-medium\/\">\n\t\t\t\t<div class=\"elementor-portfolio-item__img elementor-post__thumbnail\">\n\t\t\t<img decoding=\"async\" width=\"1088\" height=\"1269\" src=\"https:\/\/www.saefte-vom-bodensee.de\/schloer\/wp-content\/uploads\/sites\/4\/2024\/04\/SLR-Ratoldus-Tafelwasser-Medium-05L.png\" class=\"attachment-full size-full wp-image-8615\" alt=\"\" srcset=\"https:\/\/www.saefte-vom-bodensee.de\/schloer\/wp-content\/uploads\/sites\/4\/2024\/04\/SLR-Ratoldus-Tafelwasser-Medium-05L.png 1088w, https:\/\/www.saefte-vom-bodensee.de\/schloer\/wp-content\/uploads\/sites\/4\/2024\/04\/SLR-Ratoldus-Tafelwasser-Medium-05L-480x560.png 480w, https:\/\/www.saefte-vom-bodensee.de\/schloer\/wp-content\/uploads\/sites\/4\/2024\/04\/SLR-Ratoldus-Tafelwasser-Medium-05L-1024x1194.png 1024w, https:\/\/www.saefte-vom-bodensee.de\/schloer\/wp-content\/uploads\/sites\/4\/2024\/04\/SLR-Ratoldus-Tafelwasser-Medium-05L-129x150.png 129w, https:\/\/www.saefte-vom-bodensee.de\/schloer\/wp-content\/uploads\/sites\/4\/2024\/04\/SLR-Ratoldus-Tafelwasser-Medium-05L-768x896.png 768w, https:\/\/www.saefte-vom-bodensee.de\/schloer\/wp-content\/uploads\/sites\/4\/2024\/04\/SLR-Ratoldus-Tafelwasser-Medium-05L-43x50.png 43w, https:\/\/www.saefte-vom-bodensee.de\/schloer\/wp-content\/uploads\/sites\/4\/2024\/04\/SLR-Ratoldus-Tafelwasser-Medium-05L-125x146.png 125w, https:\/\/www.saefte-vom-bodensee.de\/schloer\/wp-content\/uploads\/sites\/4\/2024\/04\/SLR-Ratoldus-Tafelwasser-Medium-05L-64x75.png 64w\" sizes=\"(max-width: 1088px) 100vw, 1088px\" \/>\t\t<\/div>\n\t\t\t\t<div class=\"elementor-portfolio-item__overlay\">\n\t\t\t\t<h3 class=\"elementor-portfolio-item__title\">\n\t\tRatoldus Tafelwasser Medium\t\t<\/h3>\n\t\t\t\t<\/div>\n\t\t\t\t<\/a>\n\t\t<\/article>\n\t\t\t\t<\/div>\n\t\t\t\t\t\t<\/div>\n\t\t\t\t<\/div>\n\t\t\t\t\t<\/div>\n\t\t<\/div>\n\t\t\t\t\t<\/div>\n\t\t<\/section>\n\t\t\t\t<\/div>\n\t\t","protected":false},"excerpt":{"rendered":"","protected":false},"author":1,"featured_media":0,"parent":0,"menu_order":0,"comment_status":"closed","ping_status":"closed","template":"elementor_header_footer","meta":{"footnotes":""},"class_list":["post-8634","page","type-page","status-publish","hentry"],"yoast_head":"<!-- This site is optimized with the Yoast SEO plugin v27.4 - https:\/\/yoast.com\/product\/yoast-seo-wordpress\/ -->\n<title>Ratoldus Tafelwasser von Schl\u00f6r<\/title>\n<meta name=\"description\" content=\"Apfelwein &amp; Apfelmost aus eigener Kelterei I Eiszauber Gl\u00fchwein mit Zimtnote &amp; Apfel-Kirsch-Punsch alkoholfrei extra f\u00fcr die kalte Jahreszeit\" \/>\n<meta name=\"robots\" content=\"index, follow, max-snippet:-1, max-image-preview:large, max-video-preview:-1\" \/>\n<link rel=\"canonical\" href=\"https:\/\/www.saefte-vom-bodensee.de\/schloer\/ratoldus-tafelwasser\/\" \/>\n<meta property=\"og:locale\" content=\"de_DE\" \/>\n<meta property=\"og:type\" content=\"article\" \/>\n<meta property=\"og:title\" content=\"Ratoldus Tafelwasser von Schl\u00f6r\" \/>\n<meta property=\"og:description\" content=\"Apfelwein &amp; Apfelmost aus eigener Kelterei I Eiszauber Gl\u00fchwein mit Zimtnote &amp; Apfel-Kirsch-Punsch alkoholfrei extra f\u00fcr die kalte Jahreszeit\" \/>\n<meta property=\"og:url\" content=\"https:\/\/www.saefte-vom-bodensee.de\/schloer\/ratoldus-tafelwasser\/\" \/>\n<meta property=\"og:site_name\" content=\"Schl\u00f6r\" \/>\n<meta property=\"og:image\" content=\"https:\/\/www.saefte-vom-bodensee.de\/schloer\/wp-content\/uploads\/sites\/4\/2024\/04\/SLR-Ratoldus-Tafelwasser-05l.png\" \/>\n<meta name=\"twitter:card\" content=\"summary_large_image\" \/>\n<meta name=\"twitter:label1\" content=\"Gesch\u00e4tzte Lesezeit\" \/>\n\t<meta name=\"twitter:data1\" content=\"1\u00a0Minute\" \/>\n<!-- \/ Yoast SEO plugin. -->","yoast_head_json":{"title":"Ratoldus Tafelwasser von Schl\u00f6r","description":"Apfelwein & Apfelmost aus eigener Kelterei I Eiszauber Gl\u00fchwein mit Zimtnote & Apfel-Kirsch-Punsch alkoholfrei extra f\u00fcr die kalte Jahreszeit","robots":{"index":"index","follow":"follow","max-snippet":"max-snippet:-1","max-image-preview":"max-image-preview:large","max-video-preview":"max-video-preview:-1"},"canonical":"https:\/\/www.saefte-vom-bodensee.de\/schloer\/ratoldus-tafelwasser\/","og_locale":"de_DE","og_type":"article","og_title":"Ratoldus Tafelwasser von Schl\u00f6r","og_description":"Apfelwein & Apfelmost aus eigener Kelterei I Eiszauber Gl\u00fchwein mit Zimtnote & Apfel-Kirsch-Punsch alkoholfrei extra f\u00fcr die kalte Jahreszeit","og_url":"https:\/\/www.saefte-vom-bodensee.de\/schloer\/ratoldus-tafelwasser\/","og_site_name":"Schl\u00f6r","og_image":[{"url":"https:\/\/www.saefte-vom-bodensee.de\/schloer\/wp-content\/uploads\/sites\/4\/2024\/04\/SLR-Ratoldus-Tafelwasser-05l.png","type":"","width":"","height":""}],"twitter_card":"summary_large_image","twitter_misc":{"Gesch\u00e4tzte Lesezeit":"1\u00a0Minute"},"schema":{"@context":"https:\/\/schema.org","@graph":[{"@type":"WebPage","@id":"https:\/\/www.saefte-vom-bodensee.de\/schloer\/ratoldus-tafelwasser\/","url":"https:\/\/www.saefte-vom-bodensee.de\/schloer\/ratoldus-tafelwasser\/","name":"Ratoldus Tafelwasser von Schl\u00f6r","isPartOf":{"@id":"https:\/\/www.saefte-vom-bodensee.de\/schloer\/#website"},"primaryImageOfPage":{"@id":"https:\/\/www.saefte-vom-bodensee.de\/schloer\/ratoldus-tafelwasser\/#primaryimage"},"image":{"@id":"https:\/\/www.saefte-vom-bodensee.de\/schloer\/ratoldus-tafelwasser\/#primaryimage"},"thumbnailUrl":"https:\/\/www.saefte-vom-bodensee.de\/schloer\/wp-content\/uploads\/sites\/4\/2024\/04\/SLR-Ratoldus-Tafelwasser-05l.png","datePublished":"2024-04-23T12:12:00+00:00","description":"Apfelwein & Apfelmost aus eigener Kelterei I Eiszauber Gl\u00fchwein mit Zimtnote & Apfel-Kirsch-Punsch alkoholfrei extra f\u00fcr die kalte Jahreszeit","breadcrumb":{"@id":"https:\/\/www.saefte-vom-bodensee.de\/schloer\/ratoldus-tafelwasser\/#breadcrumb"},"inLanguage":"de","potentialAction":[{"@type":"ReadAction","target":["https:\/\/www.saefte-vom-bodensee.de\/schloer\/ratoldus-tafelwasser\/"]}]},{"@type":"ImageObject","inLanguage":"de","@id":"https:\/\/www.saefte-vom-bodensee.de\/schloer\/ratoldus-tafelwasser\/#primaryimage","url":"https:\/\/www.saefte-vom-bodensee.de\/schloer\/wp-content\/uploads\/sites\/4\/2024\/04\/SLR-Ratoldus-Tafelwasser-05l.png","contentUrl":"https:\/\/www.saefte-vom-bodensee.de\/schloer\/wp-content\/uploads\/sites\/4\/2024\/04\/SLR-Ratoldus-Tafelwasser-05l.png","width":1352,"height":1352},{"@type":"BreadcrumbList","@id":"https:\/\/www.saefte-vom-bodensee.de\/schloer\/ratoldus-tafelwasser\/#breadcrumb","itemListElement":[{"@type":"ListItem","position":1,"name":"Startseite","item":"https:\/\/www.saefte-vom-bodensee.de\/schloer\/"},{"@type":"ListItem","position":2,"name":"Ratoldus Tafelwasser"}]},{"@type":"WebSite","@id":"https:\/\/www.saefte-vom-bodensee.de\/schloer\/#website","url":"https:\/\/www.saefte-vom-bodensee.de\/schloer\/","name":"Schl\u00f6r","description":"","publisher":{"@id":"https:\/\/www.saefte-vom-bodensee.de\/schloer\/#organization"},"potentialAction":[{"@type":"SearchAction","target":{"@type":"EntryPoint","urlTemplate":"https:\/\/www.saefte-vom-bodensee.de\/schloer\/?s={search_term_string}"},"query-input":{"@type":"PropertyValueSpecification","valueRequired":true,"valueName":"search_term_string"}}],"inLanguage":"de"},{"@type":"Organization","@id":"https:\/\/www.saefte-vom-bodensee.de\/schloer\/#organization","name":"Schl\u00f6r","url":"https:\/\/www.saefte-vom-bodensee.de\/schloer\/","logo":{"@type":"ImageObject","inLanguage":"de","@id":"https:\/\/www.saefte-vom-bodensee.de\/schloer\/#\/schema\/logo\/image\/","url":"https:\/\/www.saefte-vom-bodensee.de\/schloer\/wp-content\/uploads\/sites\/4\/2021\/10\/schloer-logo-dunkel.png","contentUrl":"https:\/\/www.saefte-vom-bodensee.de\/schloer\/wp-content\/uploads\/sites\/4\/2021\/10\/schloer-logo-dunkel.png","width":280,"height":224,"caption":"Schl\u00f6r"},"image":{"@id":"https:\/\/www.saefte-vom-bodensee.de\/schloer\/#\/schema\/logo\/image\/"}}]}},"acf":[],"_links":{"self":[{"href":"https:\/\/www.saefte-vom-bodensee.de\/schloer\/wp-json\/wp\/v2\/pages\/8634","targetHints":{"allow":["GET"]}}],"collection":[{"href":"https:\/\/www.saefte-vom-bodensee.de\/schloer\/wp-json\/wp\/v2\/pages"}],"about":[{"href":"https:\/\/www.saefte-vom-bodensee.de\/schloer\/wp-json\/wp\/v2\/types\/page"}],"author":[{"embeddable":true,"href":"https:\/\/www.saefte-vom-bodensee.de\/schloer\/wp-json\/wp\/v2\/users\/1"}],"replies":[{"embeddable":true,"href":"https:\/\/www.saefte-vom-bodensee.de\/schloer\/wp-json\/wp\/v2\/comments?post=8634"}],"version-history":[{"count":0,"href":"https:\/\/www.saefte-vom-bodensee.de\/schloer\/wp-json\/wp\/v2\/pages\/8634\/revisions"}],"wp:attachment":[{"href":"https:\/\/www.saefte-vom-bodensee.de\/schloer\/wp-json\/wp\/v2\/media?parent=8634"}],"curies":[{"name":"wp","href":"https:\/\/api.w.org\/{rel}","templated":true}]}}