{"id":4862,"date":"2022-04-14T18:07:11","date_gmt":"2022-04-14T16:07:11","guid":{"rendered":"https:\/\/svb.bap.cc\/schloer\/?page_id=4862"},"modified":"2023-04-21T08:59:59","modified_gmt":"2023-04-21T06:59:59","slug":"fruchtsaefte","status":"publish","type":"page","link":"https:\/\/www.saefte-vom-bodensee.de\/schloer\/fruchtsaefte\/","title":{"rendered":"Fruchts\u00e4fte"},"content":{"rendered":"\t\t<div data-elementor-type=\"wp-page\" data-elementor-id=\"4862\" class=\"elementor elementor-4862\" data-elementor-post-type=\"page\">\n\t\t\t\t\t\t<section class=\"elementor-section elementor-top-section elementor-element elementor-element-e696605 elementor-section-boxed elementor-section-height-default elementor-section-height-default\" data-id=\"e696605\" data-element_type=\"section\" data-e-type=\"section\">\n\t\t\t\t\t\t<div class=\"elementor-container elementor-column-gap-default\">\n\t\t\t\t\t<div class=\"elementor-column elementor-col-50 elementor-top-column elementor-element elementor-element-5b766de\" data-id=\"5b766de\" data-element_type=\"column\" data-e-type=\"column\">\n\t\t\t<div class=\"elementor-widget-wrap elementor-element-populated\">\n\t\t\t\t\t\t<div class=\"elementor-element elementor-element-c2de86f elementor-widget elementor-widget-heading\" data-id=\"c2de86f\" data-element_type=\"widget\" data-e-type=\"widget\" data-widget_type=\"heading.default\">\n\t\t\t\t<div class=\"elementor-widget-container\">\n\t\t\t\t\t<h2 class=\"elementor-heading-title elementor-size-default\">Fruchts\u00e4fte<\/h2>\t\t\t\t<\/div>\n\t\t\t\t<\/div>\n\t\t\t\t<div class=\"elementor-element elementor-element-3c98354 elementor-widget elementor-widget-text-editor\" data-id=\"3c98354\" data-element_type=\"widget\" data-e-type=\"widget\" data-widget_type=\"text-editor.default\">\n\t\t\t\t<div class=\"elementor-widget-container\">\n\t\t\t\t\t\t\t\t\t<p>Die Fruchts\u00e4fte von Schl\u00f6r begeistern Kenner durch Geschmack und Nat\u00fcrlichkeit. 100 % Fruchtgehalt, schonende Pressung und sorgf\u00e4ltige Abf\u00fcllung sorgen f\u00fcr exquisiten Fruchtsaftgenuss in h\u00f6chster Qualit\u00e4t.<\/p>\t\t\t\t\t\t\t\t<\/div>\n\t\t\t\t<\/div>\n\t\t\t\t\t<\/div>\n\t\t<\/div>\n\t\t\t\t<div class=\"elementor-column elementor-col-50 elementor-top-column elementor-element elementor-element-65786b3\" data-id=\"65786b3\" data-element_type=\"column\" data-e-type=\"column\">\n\t\t\t<div class=\"elementor-widget-wrap elementor-element-populated\">\n\t\t\t\t\t\t<div class=\"elementor-element elementor-element-14e0cbe elementor-widget elementor-widget-image\" data-id=\"14e0cbe\" data-element_type=\"widget\" data-e-type=\"widget\" data-widget_type=\"image.default\">\n\t\t\t\t<div class=\"elementor-widget-container\">\n\t\t\t\t\t\t\t\t\t\t\t\t\t\t\t<img fetchpriority=\"high\" decoding=\"async\" width=\"1352\" height=\"1352\" src=\"https:\/\/www.saefte-vom-bodensee.de\/schloer\/wp-content\/uploads\/sites\/4\/2022\/11\/SLR-Exquisit-Fruchtsaft-1l.png\" class=\"attachment-full size-full wp-image-5394\" alt=\"\" srcset=\"https:\/\/www.saefte-vom-bodensee.de\/schloer\/wp-content\/uploads\/sites\/4\/2022\/11\/SLR-Exquisit-Fruchtsaft-1l.png 1352w, https:\/\/www.saefte-vom-bodensee.de\/schloer\/wp-content\/uploads\/sites\/4\/2022\/11\/SLR-Exquisit-Fruchtsaft-1l-480x480.png 480w, https:\/\/www.saefte-vom-bodensee.de\/schloer\/wp-content\/uploads\/sites\/4\/2022\/11\/SLR-Exquisit-Fruchtsaft-1l-1024x1024.png 1024w, https:\/\/www.saefte-vom-bodensee.de\/schloer\/wp-content\/uploads\/sites\/4\/2022\/11\/SLR-Exquisit-Fruchtsaft-1l-150x150.png 150w, https:\/\/www.saefte-vom-bodensee.de\/schloer\/wp-content\/uploads\/sites\/4\/2022\/11\/SLR-Exquisit-Fruchtsaft-1l-768x768.png 768w, https:\/\/www.saefte-vom-bodensee.de\/schloer\/wp-content\/uploads\/sites\/4\/2022\/11\/SLR-Exquisit-Fruchtsaft-1l-50x50.png 50w, https:\/\/www.saefte-vom-bodensee.de\/schloer\/wp-content\/uploads\/sites\/4\/2022\/11\/SLR-Exquisit-Fruchtsaft-1l-146x146.png 146w, https:\/\/www.saefte-vom-bodensee.de\/schloer\/wp-content\/uploads\/sites\/4\/2022\/11\/SLR-Exquisit-Fruchtsaft-1l-75x75.png 75w, https:\/\/www.saefte-vom-bodensee.de\/schloer\/wp-content\/uploads\/sites\/4\/2022\/11\/SLR-Exquisit-Fruchtsaft-1l-85x85.png 85w, https:\/\/www.saefte-vom-bodensee.de\/schloer\/wp-content\/uploads\/sites\/4\/2022\/11\/SLR-Exquisit-Fruchtsaft-1l-80x80.png 80w\" sizes=\"(max-width: 1352px) 100vw, 1352px\" \/>\t\t\t\t\t\t\t\t\t\t\t\t\t\t\t<\/div>\n\t\t\t\t<\/div>\n\t\t\t\t\t<\/div>\n\t\t<\/div>\n\t\t\t\t\t<\/div>\n\t\t<\/section>\n\t\t\t\t<section class=\"elementor-section elementor-top-section elementor-element elementor-element-6d68a68 elementor-section-full_width elementor-section-height-default elementor-section-height-default\" data-id=\"6d68a68\" data-element_type=\"section\" data-e-type=\"section\">\n\t\t\t\t\t\t<div class=\"elementor-container elementor-column-gap-default\">\n\t\t\t\t\t<div class=\"elementor-column elementor-col-100 elementor-top-column elementor-element elementor-element-df9093b\" data-id=\"df9093b\" data-element_type=\"column\" data-e-type=\"column\">\n\t\t\t<div class=\"elementor-widget-wrap elementor-element-populated\">\n\t\t\t\t\t\t<div class=\"elementor-element elementor-element-37cc8d0 elementor-widget elementor-widget-shortcode\" data-id=\"37cc8d0\" data-element_type=\"widget\" data-e-type=\"widget\" data-widget_type=\"shortcode.default\">\n\t\t\t\t<div class=\"elementor-widget-container\">\n\t\t\t\t\t\t\t<div class=\"elementor-shortcode\">\t\t<div data-elementor-type=\"section\" data-elementor-id=\"8083\" class=\"elementor elementor-8083\" data-elementor-post-type=\"elementor_library\">\n\t\t\t\t\t<section class=\"elementor-section elementor-top-section elementor-element elementor-element-201123b elementor-section-full_width elementor-section-height-min-height elementor-section-height-default elementor-section-items-middle\" data-id=\"201123b\" data-element_type=\"section\" data-e-type=\"section\" data-settings=\"{&quot;background_background&quot;:&quot;classic&quot;}\">\n\t\t\t\t\t\t\t<div class=\"elementor-background-overlay\"><\/div>\n\t\t\t\t\t\t\t<div class=\"elementor-container elementor-column-gap-default\">\n\t\t\t\t\t<div class=\"elementor-column elementor-col-100 elementor-top-column elementor-element elementor-element-fc5dd61\" data-id=\"fc5dd61\" data-element_type=\"column\" data-e-type=\"column\">\n\t\t\t<div class=\"elementor-widget-wrap\">\n\t\t\t\t\t\t\t<\/div>\n\t\t<\/div>\n\t\t\t\t\t<\/div>\n\t\t<\/section>\n\t\t\t\t<\/div>\n\t\t<\/div>\n\t\t\t\t\t\t<\/div>\n\t\t\t\t<\/div>\n\t\t\t\t\t<\/div>\n\t\t<\/div>\n\t\t\t\t\t<\/div>\n\t\t<\/section>\n\t\t\t\t<section class=\"elementor-section elementor-top-section elementor-element elementor-element-77d48d9 elementor-section-full_width elementor-section-height-default elementor-section-height-default\" data-id=\"77d48d9\" data-element_type=\"section\" data-e-type=\"section\">\n\t\t\t\t\t\t<div class=\"elementor-container elementor-column-gap-default\">\n\t\t\t\t\t<div class=\"elementor-column elementor-col-100 elementor-top-column elementor-element elementor-element-e54f3ec\" data-id=\"e54f3ec\" data-element_type=\"column\" data-e-type=\"column\">\n\t\t\t<div class=\"elementor-widget-wrap elementor-element-populated\">\n\t\t\t\t\t\t<div class=\"elementor-element elementor-element-60c22b7 elementor-widget elementor-widget-heading\" data-id=\"60c22b7\" data-element_type=\"widget\" data-e-type=\"widget\" data-widget_type=\"heading.default\">\n\t\t\t\t<div class=\"elementor-widget-container\">\n\t\t\t\t\t<h2 class=\"elementor-heading-title elementor-size-default\">Unsere Fruchts\u00e4fte<\/h2>\t\t\t\t<\/div>\n\t\t\t\t<\/div>\n\t\t\t\t<div class=\"elementor-element elementor-element-c16ed12 elementor-grid-4 elementor-grid-tablet-2 elementor-grid-mobile-1 elementor-widget elementor-widget-portfolio\" data-id=\"c16ed12\" data-element_type=\"widget\" data-e-type=\"widget\" data-settings=\"{&quot;masonry&quot;:&quot;yes&quot;,&quot;_animation&quot;:&quot;none&quot;,&quot;columns&quot;:&quot;4&quot;,&quot;row_gap&quot;:{&quot;unit&quot;:&quot;px&quot;,&quot;size&quot;:20,&quot;sizes&quot;:[]},&quot;columns_tablet&quot;:&quot;2&quot;,&quot;columns_mobile&quot;:&quot;1&quot;,&quot;item_gap&quot;:{&quot;unit&quot;:&quot;px&quot;,&quot;size&quot;:&quot;&quot;,&quot;sizes&quot;:[]}}\" data-widget_type=\"portfolio.default\">\n\t\t\t\t<div class=\"elementor-widget-container\">\n\t\t\t\t\t\t\t<div class=\"elementor-portfolio elementor-grid elementor-posts-container\" role=\"list\">\n\t\t\t\t<article class=\"elementor-portfolio-item elementor-post elementor-filter-43 post-5747 portfolio type-portfolio status-publish has-post-thumbnail hentry portfolio-types-fruchtsaefte\" role=\"listitem\">\n\t\t\t<a class=\"elementor-post__thumbnail__link\" href=\"https:\/\/www.saefte-vom-bodensee.de\/schloer\/blog\/portfolio-item\/exquisit-apfelsaft\/\">\n\t\t\t\t<div class=\"elementor-portfolio-item__img elementor-post__thumbnail\">\n\t\t\t<img decoding=\"async\" width=\"1088\" height=\"1269\" src=\"https:\/\/www.saefte-vom-bodensee.de\/schloer\/wp-content\/uploads\/sites\/4\/2022\/11\/SLR-Apfel-Exquisit-1L-3.png\" class=\"attachment-full size-full wp-image-7657\" alt=\"\" srcset=\"https:\/\/www.saefte-vom-bodensee.de\/schloer\/wp-content\/uploads\/sites\/4\/2022\/11\/SLR-Apfel-Exquisit-1L-3.png 1088w, https:\/\/www.saefte-vom-bodensee.de\/schloer\/wp-content\/uploads\/sites\/4\/2022\/11\/SLR-Apfel-Exquisit-1L-3-480x560.png 480w, https:\/\/www.saefte-vom-bodensee.de\/schloer\/wp-content\/uploads\/sites\/4\/2022\/11\/SLR-Apfel-Exquisit-1L-3-1024x1194.png 1024w, https:\/\/www.saefte-vom-bodensee.de\/schloer\/wp-content\/uploads\/sites\/4\/2022\/11\/SLR-Apfel-Exquisit-1L-3-129x150.png 129w, https:\/\/www.saefte-vom-bodensee.de\/schloer\/wp-content\/uploads\/sites\/4\/2022\/11\/SLR-Apfel-Exquisit-1L-3-768x896.png 768w, https:\/\/www.saefte-vom-bodensee.de\/schloer\/wp-content\/uploads\/sites\/4\/2022\/11\/SLR-Apfel-Exquisit-1L-3-43x50.png 43w, https:\/\/www.saefte-vom-bodensee.de\/schloer\/wp-content\/uploads\/sites\/4\/2022\/11\/SLR-Apfel-Exquisit-1L-3-125x146.png 125w, https:\/\/www.saefte-vom-bodensee.de\/schloer\/wp-content\/uploads\/sites\/4\/2022\/11\/SLR-Apfel-Exquisit-1L-3-64x75.png 64w\" sizes=\"(max-width: 1088px) 100vw, 1088px\" \/>\t\t<\/div>\n\t\t\t\t<div class=\"elementor-portfolio-item__overlay\">\n\t\t\t\t<h3 class=\"elementor-portfolio-item__title\">\n\t\tExquisit Apfelsaft\t\t<\/h3>\n\t\t\t\t<\/div>\n\t\t\t\t<\/a>\n\t\t<\/article>\n\t\t\t\t<article class=\"elementor-portfolio-item elementor-post elementor-filter-43 post-5706 portfolio type-portfolio status-publish has-post-thumbnail hentry portfolio-types-fruchtsaefte\" role=\"listitem\">\n\t\t\t<a class=\"elementor-post__thumbnail__link\" href=\"https:\/\/www.saefte-vom-bodensee.de\/schloer\/blog\/portfolio-item\/ananassaft\/\">\n\t\t\t\t<div class=\"elementor-portfolio-item__img elementor-post__thumbnail\">\n\t\t\t<img decoding=\"async\" width=\"1088\" height=\"1269\" src=\"https:\/\/www.saefte-vom-bodensee.de\/schloer\/wp-content\/uploads\/sites\/4\/2022\/11\/SLR-Ananas-pur-1L-3.png\" class=\"attachment-full size-full wp-image-7616\" alt=\"\" srcset=\"https:\/\/www.saefte-vom-bodensee.de\/schloer\/wp-content\/uploads\/sites\/4\/2022\/11\/SLR-Ananas-pur-1L-3.png 1088w, https:\/\/www.saefte-vom-bodensee.de\/schloer\/wp-content\/uploads\/sites\/4\/2022\/11\/SLR-Ananas-pur-1L-3-480x560.png 480w, https:\/\/www.saefte-vom-bodensee.de\/schloer\/wp-content\/uploads\/sites\/4\/2022\/11\/SLR-Ananas-pur-1L-3-1024x1194.png 1024w, https:\/\/www.saefte-vom-bodensee.de\/schloer\/wp-content\/uploads\/sites\/4\/2022\/11\/SLR-Ananas-pur-1L-3-129x150.png 129w, https:\/\/www.saefte-vom-bodensee.de\/schloer\/wp-content\/uploads\/sites\/4\/2022\/11\/SLR-Ananas-pur-1L-3-768x896.png 768w, https:\/\/www.saefte-vom-bodensee.de\/schloer\/wp-content\/uploads\/sites\/4\/2022\/11\/SLR-Ananas-pur-1L-3-43x50.png 43w, https:\/\/www.saefte-vom-bodensee.de\/schloer\/wp-content\/uploads\/sites\/4\/2022\/11\/SLR-Ananas-pur-1L-3-125x146.png 125w, https:\/\/www.saefte-vom-bodensee.de\/schloer\/wp-content\/uploads\/sites\/4\/2022\/11\/SLR-Ananas-pur-1L-3-64x75.png 64w\" sizes=\"(max-width: 1088px) 100vw, 1088px\" \/>\t\t<\/div>\n\t\t\t\t<div class=\"elementor-portfolio-item__overlay\">\n\t\t\t\t<h3 class=\"elementor-portfolio-item__title\">\n\t\tAnanassaft\t\t<\/h3>\n\t\t\t\t<\/div>\n\t\t\t\t<\/a>\n\t\t<\/article>\n\t\t\t\t<article class=\"elementor-portfolio-item elementor-post elementor-filter-43 post-5602 portfolio type-portfolio status-publish has-post-thumbnail hentry portfolio-types-fruchtsaefte\" role=\"listitem\">\n\t\t\t<a class=\"elementor-post__thumbnail__link\" href=\"https:\/\/www.saefte-vom-bodensee.de\/schloer\/blog\/portfolio-item\/exquisit-orangensaft\/\">\n\t\t\t\t<div class=\"elementor-portfolio-item__img elementor-post__thumbnail\">\n\t\t\t<img loading=\"lazy\" decoding=\"async\" width=\"1088\" height=\"1269\" src=\"https:\/\/www.saefte-vom-bodensee.de\/schloer\/wp-content\/uploads\/sites\/4\/2022\/11\/SLR-Orangeexquisit-1L.png\" class=\"attachment-full size-full wp-image-5610\" alt=\"\" srcset=\"https:\/\/www.saefte-vom-bodensee.de\/schloer\/wp-content\/uploads\/sites\/4\/2022\/11\/SLR-Orangeexquisit-1L.png 1088w, https:\/\/www.saefte-vom-bodensee.de\/schloer\/wp-content\/uploads\/sites\/4\/2022\/11\/SLR-Orangeexquisit-1L-480x560.png 480w, https:\/\/www.saefte-vom-bodensee.de\/schloer\/wp-content\/uploads\/sites\/4\/2022\/11\/SLR-Orangeexquisit-1L-1024x1194.png 1024w, https:\/\/www.saefte-vom-bodensee.de\/schloer\/wp-content\/uploads\/sites\/4\/2022\/11\/SLR-Orangeexquisit-1L-129x150.png 129w, https:\/\/www.saefte-vom-bodensee.de\/schloer\/wp-content\/uploads\/sites\/4\/2022\/11\/SLR-Orangeexquisit-1L-768x896.png 768w, https:\/\/www.saefte-vom-bodensee.de\/schloer\/wp-content\/uploads\/sites\/4\/2022\/11\/SLR-Orangeexquisit-1L-43x50.png 43w, https:\/\/www.saefte-vom-bodensee.de\/schloer\/wp-content\/uploads\/sites\/4\/2022\/11\/SLR-Orangeexquisit-1L-125x146.png 125w, https:\/\/www.saefte-vom-bodensee.de\/schloer\/wp-content\/uploads\/sites\/4\/2022\/11\/SLR-Orangeexquisit-1L-64x75.png 64w\" sizes=\"(max-width: 1088px) 100vw, 1088px\" \/>\t\t<\/div>\n\t\t\t\t<div class=\"elementor-portfolio-item__overlay\">\n\t\t\t\t<h3 class=\"elementor-portfolio-item__title\">\n\t\tExquisit Orangensaft\t\t<\/h3>\n\t\t\t\t<\/div>\n\t\t\t\t<\/a>\n\t\t<\/article>\n\t\t\t\t<article class=\"elementor-portfolio-item elementor-post elementor-filter-43 post-5594 portfolio type-portfolio status-publish has-post-thumbnail hentry portfolio-types-fruchtsaefte\" role=\"listitem\">\n\t\t\t<a class=\"elementor-post__thumbnail__link\" href=\"https:\/\/www.saefte-vom-bodensee.de\/schloer\/blog\/portfolio-item\/multivitamin-mehrfruchtsaft\/\">\n\t\t\t\t<div class=\"elementor-portfolio-item__img elementor-post__thumbnail\">\n\t\t\t<img loading=\"lazy\" decoding=\"async\" width=\"1088\" height=\"1269\" src=\"https:\/\/www.saefte-vom-bodensee.de\/schloer\/wp-content\/uploads\/sites\/4\/2022\/11\/SLR-Multivitamin-1L-1.png\" class=\"attachment-full size-full wp-image-7683\" alt=\"\" srcset=\"https:\/\/www.saefte-vom-bodensee.de\/schloer\/wp-content\/uploads\/sites\/4\/2022\/11\/SLR-Multivitamin-1L-1.png 1088w, https:\/\/www.saefte-vom-bodensee.de\/schloer\/wp-content\/uploads\/sites\/4\/2022\/11\/SLR-Multivitamin-1L-1-480x560.png 480w, https:\/\/www.saefte-vom-bodensee.de\/schloer\/wp-content\/uploads\/sites\/4\/2022\/11\/SLR-Multivitamin-1L-1-1024x1194.png 1024w, https:\/\/www.saefte-vom-bodensee.de\/schloer\/wp-content\/uploads\/sites\/4\/2022\/11\/SLR-Multivitamin-1L-1-129x150.png 129w, https:\/\/www.saefte-vom-bodensee.de\/schloer\/wp-content\/uploads\/sites\/4\/2022\/11\/SLR-Multivitamin-1L-1-768x896.png 768w, https:\/\/www.saefte-vom-bodensee.de\/schloer\/wp-content\/uploads\/sites\/4\/2022\/11\/SLR-Multivitamin-1L-1-43x50.png 43w, https:\/\/www.saefte-vom-bodensee.de\/schloer\/wp-content\/uploads\/sites\/4\/2022\/11\/SLR-Multivitamin-1L-1-125x146.png 125w, https:\/\/www.saefte-vom-bodensee.de\/schloer\/wp-content\/uploads\/sites\/4\/2022\/11\/SLR-Multivitamin-1L-1-64x75.png 64w\" sizes=\"(max-width: 1088px) 100vw, 1088px\" \/>\t\t<\/div>\n\t\t\t\t<div class=\"elementor-portfolio-item__overlay\">\n\t\t\t\t<h3 class=\"elementor-portfolio-item__title\">\n\t\tMultivitamin \u2013 Mehrfruchtsaft\t\t<\/h3>\n\t\t\t\t<\/div>\n\t\t\t\t<\/a>\n\t\t<\/article>\n\t\t\t\t<article class=\"elementor-portfolio-item elementor-post elementor-filter-43 post-5524 portfolio type-portfolio status-publish has-post-thumbnail hentry portfolio-types-fruchtsaefte\" role=\"listitem\">\n\t\t\t<a class=\"elementor-post__thumbnail__link\" href=\"https:\/\/www.saefte-vom-bodensee.de\/schloer\/blog\/portfolio-item\/grapefruitsaft\/\">\n\t\t\t\t<div class=\"elementor-portfolio-item__img elementor-post__thumbnail\">\n\t\t\t<img loading=\"lazy\" decoding=\"async\" width=\"1088\" height=\"1269\" src=\"https:\/\/www.saefte-vom-bodensee.de\/schloer\/wp-content\/uploads\/sites\/4\/2022\/11\/SLR-Grapefruit-1L-1.png\" class=\"attachment-full size-full wp-image-7720\" alt=\"\" srcset=\"https:\/\/www.saefte-vom-bodensee.de\/schloer\/wp-content\/uploads\/sites\/4\/2022\/11\/SLR-Grapefruit-1L-1.png 1088w, https:\/\/www.saefte-vom-bodensee.de\/schloer\/wp-content\/uploads\/sites\/4\/2022\/11\/SLR-Grapefruit-1L-1-480x560.png 480w, https:\/\/www.saefte-vom-bodensee.de\/schloer\/wp-content\/uploads\/sites\/4\/2022\/11\/SLR-Grapefruit-1L-1-1024x1194.png 1024w, https:\/\/www.saefte-vom-bodensee.de\/schloer\/wp-content\/uploads\/sites\/4\/2022\/11\/SLR-Grapefruit-1L-1-129x150.png 129w, https:\/\/www.saefte-vom-bodensee.de\/schloer\/wp-content\/uploads\/sites\/4\/2022\/11\/SLR-Grapefruit-1L-1-768x896.png 768w, https:\/\/www.saefte-vom-bodensee.de\/schloer\/wp-content\/uploads\/sites\/4\/2022\/11\/SLR-Grapefruit-1L-1-43x50.png 43w, https:\/\/www.saefte-vom-bodensee.de\/schloer\/wp-content\/uploads\/sites\/4\/2022\/11\/SLR-Grapefruit-1L-1-125x146.png 125w, https:\/\/www.saefte-vom-bodensee.de\/schloer\/wp-content\/uploads\/sites\/4\/2022\/11\/SLR-Grapefruit-1L-1-64x75.png 64w\" sizes=\"(max-width: 1088px) 100vw, 1088px\" \/>\t\t<\/div>\n\t\t\t\t<div class=\"elementor-portfolio-item__overlay\">\n\t\t\t\t<h3 class=\"elementor-portfolio-item__title\">\n\t\tGrapefruitsaft\t\t<\/h3>\n\t\t\t\t<\/div>\n\t\t\t\t<\/a>\n\t\t<\/article>\n\t\t\t\t<\/div>\n\t\t\t\t\t\t<\/div>\n\t\t\t\t<\/div>\n\t\t\t\t\t<\/div>\n\t\t<\/div>\n\t\t\t\t\t<\/div>\n\t\t<\/section>\n\t\t\t\t<\/div>\n\t\t","protected":false},"excerpt":{"rendered":"","protected":false},"author":1,"featured_media":0,"parent":0,"menu_order":0,"comment_status":"closed","ping_status":"closed","template":"elementor_header_footer","meta":{"footnotes":""},"class_list":["post-4862","page","type-page","status-publish","hentry"],"yoast_head":"<!-- This site is optimized with the Yoast SEO plugin v27.4 - https:\/\/yoast.com\/product\/yoast-seo-wordpress\/ -->\n<title>Fruchts\u00e4fte von Schl\u00f6r<\/title>\n<meta name=\"description\" content=\"Nat\u00fcrlicher Geschmack aus 100 % Fruchtgehalt sowie die schonende Pressung sorgen f\u00fcr exquisiten Fruchtsaftgenuss in h\u00f6chster Qualit\u00e4t.\" \/>\n<meta name=\"robots\" content=\"index, follow, max-snippet:-1, max-image-preview:large, max-video-preview:-1\" \/>\n<link rel=\"canonical\" href=\"https:\/\/www.saefte-vom-bodensee.de\/schloer\/fruchtsaefte\/\" \/>\n<meta property=\"og:locale\" content=\"de_DE\" \/>\n<meta property=\"og:type\" content=\"article\" \/>\n<meta property=\"og:title\" content=\"Fruchts\u00e4fte von Schl\u00f6r\" \/>\n<meta property=\"og:description\" content=\"Nat\u00fcrlicher Geschmack aus 100 % Fruchtgehalt sowie die schonende Pressung sorgen f\u00fcr exquisiten Fruchtsaftgenuss in h\u00f6chster Qualit\u00e4t.\" \/>\n<meta property=\"og:url\" content=\"https:\/\/www.saefte-vom-bodensee.de\/schloer\/fruchtsaefte\/\" \/>\n<meta property=\"og:site_name\" content=\"Schl\u00f6r\" \/>\n<meta property=\"article:modified_time\" content=\"2023-04-21T06:59:59+00:00\" \/>\n<meta property=\"og:image\" content=\"https:\/\/saefte-vom-bodensee.de\/schloer\/wp-content\/uploads\/sites\/4\/2022\/11\/SLR-Exquisit-Fruchtsaft-1l.png\" \/>\n<meta name=\"twitter:card\" content=\"summary_large_image\" \/>\n<meta name=\"twitter:label1\" content=\"Gesch\u00e4tzte Lesezeit\" \/>\n\t<meta name=\"twitter:data1\" content=\"1\u00a0Minute\" \/>\n<!-- \/ Yoast SEO plugin. -->","yoast_head_json":{"title":"Fruchts\u00e4fte von Schl\u00f6r","description":"Nat\u00fcrlicher Geschmack aus 100 % Fruchtgehalt sowie die schonende Pressung sorgen f\u00fcr exquisiten Fruchtsaftgenuss in h\u00f6chster Qualit\u00e4t.","robots":{"index":"index","follow":"follow","max-snippet":"max-snippet:-1","max-image-preview":"max-image-preview:large","max-video-preview":"max-video-preview:-1"},"canonical":"https:\/\/www.saefte-vom-bodensee.de\/schloer\/fruchtsaefte\/","og_locale":"de_DE","og_type":"article","og_title":"Fruchts\u00e4fte von Schl\u00f6r","og_description":"Nat\u00fcrlicher Geschmack aus 100 % Fruchtgehalt sowie die schonende Pressung sorgen f\u00fcr exquisiten Fruchtsaftgenuss in h\u00f6chster Qualit\u00e4t.","og_url":"https:\/\/www.saefte-vom-bodensee.de\/schloer\/fruchtsaefte\/","og_site_name":"Schl\u00f6r","article_modified_time":"2023-04-21T06:59:59+00:00","og_image":[{"url":"https:\/\/saefte-vom-bodensee.de\/schloer\/wp-content\/uploads\/sites\/4\/2022\/11\/SLR-Exquisit-Fruchtsaft-1l.png","type":"","width":"","height":""}],"twitter_card":"summary_large_image","twitter_misc":{"Gesch\u00e4tzte Lesezeit":"1\u00a0Minute"},"schema":{"@context":"https:\/\/schema.org","@graph":[{"@type":"WebPage","@id":"https:\/\/www.saefte-vom-bodensee.de\/schloer\/fruchtsaefte\/","url":"https:\/\/www.saefte-vom-bodensee.de\/schloer\/fruchtsaefte\/","name":"Fruchts\u00e4fte von Schl\u00f6r","isPartOf":{"@id":"https:\/\/www.saefte-vom-bodensee.de\/schloer\/#website"},"primaryImageOfPage":{"@id":"https:\/\/www.saefte-vom-bodensee.de\/schloer\/fruchtsaefte\/#primaryimage"},"image":{"@id":"https:\/\/www.saefte-vom-bodensee.de\/schloer\/fruchtsaefte\/#primaryimage"},"thumbnailUrl":"https:\/\/saefte-vom-bodensee.de\/schloer\/wp-content\/uploads\/sites\/4\/2022\/11\/SLR-Exquisit-Fruchtsaft-1l.png","datePublished":"2022-04-14T16:07:11+00:00","dateModified":"2023-04-21T06:59:59+00:00","description":"Nat\u00fcrlicher Geschmack aus 100 % Fruchtgehalt sowie die schonende Pressung sorgen f\u00fcr exquisiten Fruchtsaftgenuss in h\u00f6chster Qualit\u00e4t.","breadcrumb":{"@id":"https:\/\/www.saefte-vom-bodensee.de\/schloer\/fruchtsaefte\/#breadcrumb"},"inLanguage":"de","potentialAction":[{"@type":"ReadAction","target":["https:\/\/www.saefte-vom-bodensee.de\/schloer\/fruchtsaefte\/"]}]},{"@type":"ImageObject","inLanguage":"de","@id":"https:\/\/www.saefte-vom-bodensee.de\/schloer\/fruchtsaefte\/#primaryimage","url":"https:\/\/saefte-vom-bodensee.de\/schloer\/wp-content\/uploads\/sites\/4\/2022\/11\/SLR-Exquisit-Fruchtsaft-1l.png","contentUrl":"https:\/\/saefte-vom-bodensee.de\/schloer\/wp-content\/uploads\/sites\/4\/2022\/11\/SLR-Exquisit-Fruchtsaft-1l.png"},{"@type":"BreadcrumbList","@id":"https:\/\/www.saefte-vom-bodensee.de\/schloer\/fruchtsaefte\/#breadcrumb","itemListElement":[{"@type":"ListItem","position":1,"name":"Startseite","item":"https:\/\/www.saefte-vom-bodensee.de\/schloer\/"},{"@type":"ListItem","position":2,"name":"Fruchts\u00e4fte"}]},{"@type":"WebSite","@id":"https:\/\/www.saefte-vom-bodensee.de\/schloer\/#website","url":"https:\/\/www.saefte-vom-bodensee.de\/schloer\/","name":"Schl\u00f6r","description":"","publisher":{"@id":"https:\/\/www.saefte-vom-bodensee.de\/schloer\/#organization"},"potentialAction":[{"@type":"SearchAction","target":{"@type":"EntryPoint","urlTemplate":"https:\/\/www.saefte-vom-bodensee.de\/schloer\/?s={search_term_string}"},"query-input":{"@type":"PropertyValueSpecification","valueRequired":true,"valueName":"search_term_string"}}],"inLanguage":"de"},{"@type":"Organization","@id":"https:\/\/www.saefte-vom-bodensee.de\/schloer\/#organization","name":"Schl\u00f6r","url":"https:\/\/www.saefte-vom-bodensee.de\/schloer\/","logo":{"@type":"ImageObject","inLanguage":"de","@id":"https:\/\/www.saefte-vom-bodensee.de\/schloer\/#\/schema\/logo\/image\/","url":"https:\/\/www.saefte-vom-bodensee.de\/schloer\/wp-content\/uploads\/sites\/4\/2021\/10\/schloer-logo-dunkel.png","contentUrl":"https:\/\/www.saefte-vom-bodensee.de\/schloer\/wp-content\/uploads\/sites\/4\/2021\/10\/schloer-logo-dunkel.png","width":280,"height":224,"caption":"Schl\u00f6r"},"image":{"@id":"https:\/\/www.saefte-vom-bodensee.de\/schloer\/#\/schema\/logo\/image\/"}}]}},"acf":[],"_links":{"self":[{"href":"https:\/\/www.saefte-vom-bodensee.de\/schloer\/wp-json\/wp\/v2\/pages\/4862","targetHints":{"allow":["GET"]}}],"collection":[{"href":"https:\/\/www.saefte-vom-bodensee.de\/schloer\/wp-json\/wp\/v2\/pages"}],"about":[{"href":"https:\/\/www.saefte-vom-bodensee.de\/schloer\/wp-json\/wp\/v2\/types\/page"}],"author":[{"embeddable":true,"href":"https:\/\/www.saefte-vom-bodensee.de\/schloer\/wp-json\/wp\/v2\/users\/1"}],"replies":[{"embeddable":true,"href":"https:\/\/www.saefte-vom-bodensee.de\/schloer\/wp-json\/wp\/v2\/comments?post=4862"}],"version-history":[{"count":0,"href":"https:\/\/www.saefte-vom-bodensee.de\/schloer\/wp-json\/wp\/v2\/pages\/4862\/revisions"}],"wp:attachment":[{"href":"https:\/\/www.saefte-vom-bodensee.de\/schloer\/wp-json\/wp\/v2\/media?parent=4862"}],"curies":[{"name":"wp","href":"https:\/\/api.w.org\/{rel}","templated":true}]}}