{"id":5945,"date":"2022-06-21T16:28:32","date_gmt":"2022-06-21T14:28:32","guid":{"rendered":"https:\/\/svb.bap.cc\/lindauer-fruchtgarten\/?page_id=5945"},"modified":"2023-04-20T16:09:12","modified_gmt":"2023-04-20T14:09:12","slug":"milde-saefte","status":"publish","type":"page","link":"https:\/\/www.saefte-vom-bodensee.de\/lindauer-fruchtgarten\/milde-saefte\/","title":{"rendered":"Milde S\u00e4fte"},"content":{"rendered":"\t\t<div data-elementor-type=\"wp-page\" data-elementor-id=\"5945\" class=\"elementor elementor-5945\" data-elementor-post-type=\"page\">\n\t\t\t\t\t\t<section class=\"elementor-section elementor-top-section elementor-element elementor-element-93714ef elementor-section-boxed elementor-section-height-default elementor-section-height-default\" data-id=\"93714ef\" data-element_type=\"section\" data-e-type=\"section\">\n\t\t\t\t\t\t<div class=\"elementor-container elementor-column-gap-default\">\n\t\t\t\t\t<div class=\"elementor-column elementor-col-50 elementor-top-column elementor-element elementor-element-d753a92\" data-id=\"d753a92\" data-element_type=\"column\" data-e-type=\"column\">\n\t\t\t<div class=\"elementor-widget-wrap elementor-element-populated\">\n\t\t\t\t\t\t<div class=\"elementor-element elementor-element-dd65073 elementor-widget elementor-widget-heading\" data-id=\"dd65073\" data-element_type=\"widget\" data-e-type=\"widget\" data-widget_type=\"heading.default\">\n\t\t\t\t<div class=\"elementor-widget-container\">\n\t\t\t\t\t<h2 class=\"elementor-heading-title elementor-size-default\">Milde S\u00e4fte<\/h2>\t\t\t\t<\/div>\n\t\t\t\t<\/div>\n\t\t\t\t<div class=\"elementor-element elementor-element-d05975b elementor-widget elementor-widget-text-editor\" data-id=\"d05975b\" data-element_type=\"widget\" data-e-type=\"widget\" data-widget_type=\"text-editor.default\">\n\t\t\t\t<div class=\"elementor-widget-container\">\n\t\t\t\t\t\t\t\t\t<p>Probieren Sie mal, wie mild und wohltuend Apfelsaft, Orangensaft oder Multifruchtsaft schmecken kann.<\/p><p>Es kommt einfach nur darauf an, ausgesuchte von Natur aus s\u00e4urearme Fr\u00fcchte schonend zu verarbeiten. Und genau das macht Lindauer Fruchtgarten.<\/p>\t\t\t\t\t\t\t\t<\/div>\n\t\t\t\t<\/div>\n\t\t\t\t\t<\/div>\n\t\t<\/div>\n\t\t\t\t<div class=\"elementor-column elementor-col-50 elementor-top-column elementor-element elementor-element-eb8dcdc\" data-id=\"eb8dcdc\" data-element_type=\"column\" data-e-type=\"column\">\n\t\t\t<div class=\"elementor-widget-wrap elementor-element-populated\">\n\t\t\t\t\t\t<div class=\"elementor-element elementor-element-a15c913 elementor-absolute elementor-widget elementor-widget-image\" data-id=\"a15c913\" data-element_type=\"widget\" data-e-type=\"widget\" data-settings=\"{&quot;_position&quot;:&quot;absolute&quot;,&quot;motion_fx_motion_fx_mouse&quot;:&quot;yes&quot;}\" data-widget_type=\"image.default\">\n\t\t\t\t<div class=\"elementor-widget-container\">\n\t\t\t\t\t\t\t\t\t\t\t\t\t\t\t<img fetchpriority=\"high\" decoding=\"async\" width=\"1352\" height=\"1352\" src=\"https:\/\/www.saefte-vom-bodensee.de\/lindauer-fruchtgarten\/wp-content\/uploads\/sites\/3\/2022\/06\/LIF-Milde-Saefte-1l.png\" class=\"attachment-full size-full wp-image-5303\" alt=\"\" srcset=\"https:\/\/www.saefte-vom-bodensee.de\/lindauer-fruchtgarten\/wp-content\/uploads\/sites\/3\/2022\/06\/LIF-Milde-Saefte-1l.png 1352w, https:\/\/www.saefte-vom-bodensee.de\/lindauer-fruchtgarten\/wp-content\/uploads\/sites\/3\/2022\/06\/LIF-Milde-Saefte-1l-480x480.png 480w, https:\/\/www.saefte-vom-bodensee.de\/lindauer-fruchtgarten\/wp-content\/uploads\/sites\/3\/2022\/06\/LIF-Milde-Saefte-1l-1024x1024.png 1024w, https:\/\/www.saefte-vom-bodensee.de\/lindauer-fruchtgarten\/wp-content\/uploads\/sites\/3\/2022\/06\/LIF-Milde-Saefte-1l-150x150.png 150w, https:\/\/www.saefte-vom-bodensee.de\/lindauer-fruchtgarten\/wp-content\/uploads\/sites\/3\/2022\/06\/LIF-Milde-Saefte-1l-768x768.png 768w, https:\/\/www.saefte-vom-bodensee.de\/lindauer-fruchtgarten\/wp-content\/uploads\/sites\/3\/2022\/06\/LIF-Milde-Saefte-1l-50x50.png 50w, https:\/\/www.saefte-vom-bodensee.de\/lindauer-fruchtgarten\/wp-content\/uploads\/sites\/3\/2022\/06\/LIF-Milde-Saefte-1l-146x146.png 146w, https:\/\/www.saefte-vom-bodensee.de\/lindauer-fruchtgarten\/wp-content\/uploads\/sites\/3\/2022\/06\/LIF-Milde-Saefte-1l-75x75.png 75w, https:\/\/www.saefte-vom-bodensee.de\/lindauer-fruchtgarten\/wp-content\/uploads\/sites\/3\/2022\/06\/LIF-Milde-Saefte-1l-85x85.png 85w, https:\/\/www.saefte-vom-bodensee.de\/lindauer-fruchtgarten\/wp-content\/uploads\/sites\/3\/2022\/06\/LIF-Milde-Saefte-1l-80x80.png 80w\" sizes=\"(max-width: 1352px) 100vw, 1352px\" \/>\t\t\t\t\t\t\t\t\t\t\t\t\t\t\t<\/div>\n\t\t\t\t<\/div>\n\t\t\t\t<div class=\"elementor-element elementor-element-285148c elementor-widget elementor-widget-image\" data-id=\"285148c\" data-element_type=\"widget\" data-e-type=\"widget\" data-settings=\"{&quot;motion_fx_motion_fx_scrolling&quot;:&quot;yes&quot;,&quot;motion_fx_rotateZ_effect&quot;:&quot;yes&quot;,&quot;motion_fx_rotateZ_speed&quot;:{&quot;unit&quot;:&quot;px&quot;,&quot;size&quot;:2.6,&quot;sizes&quot;:[]},&quot;motion_fx_rotateZ_affectedRange&quot;:{&quot;unit&quot;:&quot;%&quot;,&quot;size&quot;:&quot;&quot;,&quot;sizes&quot;:{&quot;start&quot;:0,&quot;end&quot;:100}},&quot;motion_fx_devices&quot;:[&quot;desktop&quot;,&quot;tablet&quot;,&quot;mobile&quot;]}\" data-widget_type=\"image.default\">\n\t\t\t\t<div class=\"elementor-widget-container\">\n\t\t\t\t\t\t\t\t\t\t\t\t\t\t\t<img decoding=\"async\" width=\"1264\" height=\"1261\" src=\"https:\/\/www.saefte-vom-bodensee.de\/lindauer-fruchtgarten\/wp-content\/uploads\/sites\/3\/2022\/06\/bubble-mild.png\" class=\"attachment-full size-full wp-image-5198\" alt=\"\" srcset=\"https:\/\/www.saefte-vom-bodensee.de\/lindauer-fruchtgarten\/wp-content\/uploads\/sites\/3\/2022\/06\/bubble-mild.png 1264w, https:\/\/www.saefte-vom-bodensee.de\/lindauer-fruchtgarten\/wp-content\/uploads\/sites\/3\/2022\/06\/bubble-mild-480x479.png 480w, https:\/\/www.saefte-vom-bodensee.de\/lindauer-fruchtgarten\/wp-content\/uploads\/sites\/3\/2022\/06\/bubble-mild-1024x1022.png 1024w, https:\/\/www.saefte-vom-bodensee.de\/lindauer-fruchtgarten\/wp-content\/uploads\/sites\/3\/2022\/06\/bubble-mild-150x150.png 150w, https:\/\/www.saefte-vom-bodensee.de\/lindauer-fruchtgarten\/wp-content\/uploads\/sites\/3\/2022\/06\/bubble-mild-768x766.png 768w, https:\/\/www.saefte-vom-bodensee.de\/lindauer-fruchtgarten\/wp-content\/uploads\/sites\/3\/2022\/06\/bubble-mild-50x50.png 50w, https:\/\/www.saefte-vom-bodensee.de\/lindauer-fruchtgarten\/wp-content\/uploads\/sites\/3\/2022\/06\/bubble-mild-146x146.png 146w, https:\/\/www.saefte-vom-bodensee.de\/lindauer-fruchtgarten\/wp-content\/uploads\/sites\/3\/2022\/06\/bubble-mild-75x75.png 75w, https:\/\/www.saefte-vom-bodensee.de\/lindauer-fruchtgarten\/wp-content\/uploads\/sites\/3\/2022\/06\/bubble-mild-85x85.png 85w, https:\/\/www.saefte-vom-bodensee.de\/lindauer-fruchtgarten\/wp-content\/uploads\/sites\/3\/2022\/06\/bubble-mild-80x80.png 80w\" sizes=\"(max-width: 1264px) 100vw, 1264px\" \/>\t\t\t\t\t\t\t\t\t\t\t\t\t\t\t<\/div>\n\t\t\t\t<\/div>\n\t\t\t\t\t<\/div>\n\t\t<\/div>\n\t\t\t\t\t<\/div>\n\t\t<\/section>\n\t\t\t\t<section class=\"elementor-section elementor-top-section elementor-element elementor-element-4415ad6 elementor-section-full_width elementor-section-height-min-height elementor-section-height-default elementor-section-items-middle\" data-id=\"4415ad6\" data-element_type=\"section\" data-e-type=\"section\" data-settings=\"{&quot;background_background&quot;:&quot;video&quot;,&quot;background_video_link&quot;:&quot;https:\\\/\\\/www.saefte-vom-bodensee.de\\\/lindauer-fruchtgarten\\\/wp-content\\\/uploads\\\/2022\\\/04\\\/pexels-karolina-grabowska-5243444.mp4&quot;}\">\n\t\t\t\t\t\t\t\t<div class=\"elementor-background-video-container elementor-hidden-mobile\">\n\t\t\t\t\t\t\t\t\t\t\t\t\t<video class=\"elementor-background-video-hosted\" role=\"presentation\" autoplay muted playsinline loop><\/video>\n\t\t\t\t\t\t\t\t\t\t\t<\/div>\n\t\t\t\t\t\t\t\t<div class=\"elementor-container elementor-column-gap-default\">\n\t\t\t\t\t<div class=\"elementor-column elementor-col-100 elementor-top-column elementor-element elementor-element-d98b68a\" data-id=\"d98b68a\" data-element_type=\"column\" data-e-type=\"column\">\n\t\t\t<div class=\"elementor-widget-wrap elementor-element-populated\">\n\t\t\t\t\t\t<div class=\"elementor-element elementor-element-b7f5a67 elementor-absolute elementor-widget elementor-widget-image\" data-id=\"b7f5a67\" data-element_type=\"widget\" data-e-type=\"widget\" data-settings=\"{&quot;_position&quot;:&quot;absolute&quot;}\" data-widget_type=\"image.default\">\n\t\t\t\t<div class=\"elementor-widget-container\">\n\t\t\t\t\t\t\t\t\t\t\t\t\t\t\t<img decoding=\"async\" width=\"3836\" height=\"262\" src=\"https:\/\/www.saefte-vom-bodensee.de\/lindauer-fruchtgarten\/wp-content\/uploads\/sites\/3\/2022\/04\/maske-vid-unten.png\" class=\"attachment-full size-full wp-image-5001\" alt=\"\" srcset=\"https:\/\/www.saefte-vom-bodensee.de\/lindauer-fruchtgarten\/wp-content\/uploads\/sites\/3\/2022\/04\/maske-vid-unten.png 3836w, https:\/\/www.saefte-vom-bodensee.de\/lindauer-fruchtgarten\/wp-content\/uploads\/sites\/3\/2022\/04\/maske-vid-unten-480x33.png 480w, https:\/\/www.saefte-vom-bodensee.de\/lindauer-fruchtgarten\/wp-content\/uploads\/sites\/3\/2022\/04\/maske-vid-unten-1024x70.png 1024w, https:\/\/www.saefte-vom-bodensee.de\/lindauer-fruchtgarten\/wp-content\/uploads\/sites\/3\/2022\/04\/maske-vid-unten-150x10.png 150w, https:\/\/www.saefte-vom-bodensee.de\/lindauer-fruchtgarten\/wp-content\/uploads\/sites\/3\/2022\/04\/maske-vid-unten-768x52.png 768w, https:\/\/www.saefte-vom-bodensee.de\/lindauer-fruchtgarten\/wp-content\/uploads\/sites\/3\/2022\/04\/maske-vid-unten-50x3.png 50w, https:\/\/www.saefte-vom-bodensee.de\/lindauer-fruchtgarten\/wp-content\/uploads\/sites\/3\/2022\/04\/maske-vid-unten-1536x105.png 1536w, https:\/\/www.saefte-vom-bodensee.de\/lindauer-fruchtgarten\/wp-content\/uploads\/sites\/3\/2022\/04\/maske-vid-unten-2048x140.png 2048w, https:\/\/www.saefte-vom-bodensee.de\/lindauer-fruchtgarten\/wp-content\/uploads\/sites\/3\/2022\/04\/maske-vid-unten-260x18.png 260w\" sizes=\"(max-width: 3836px) 100vw, 3836px\" \/>\t\t\t\t\t\t\t\t\t\t\t\t\t\t\t<\/div>\n\t\t\t\t<\/div>\n\t\t\t\t<div class=\"elementor-element elementor-element-9da7a85 elementor-absolute elementor-widget elementor-widget-image\" data-id=\"9da7a85\" data-element_type=\"widget\" data-e-type=\"widget\" data-settings=\"{&quot;_position&quot;:&quot;absolute&quot;}\" data-widget_type=\"image.default\">\n\t\t\t\t<div class=\"elementor-widget-container\">\n\t\t\t\t\t\t\t\t\t\t\t\t\t\t\t<img loading=\"lazy\" decoding=\"async\" width=\"3836\" height=\"262\" src=\"https:\/\/www.saefte-vom-bodensee.de\/lindauer-fruchtgarten\/wp-content\/uploads\/sites\/3\/2022\/04\/maske-vid-1.png\" class=\"attachment-full size-full wp-image-4934\" alt=\"\" srcset=\"https:\/\/www.saefte-vom-bodensee.de\/lindauer-fruchtgarten\/wp-content\/uploads\/sites\/3\/2022\/04\/maske-vid-1.png 3836w, https:\/\/www.saefte-vom-bodensee.de\/lindauer-fruchtgarten\/wp-content\/uploads\/sites\/3\/2022\/04\/maske-vid-1-480x33.png 480w, https:\/\/www.saefte-vom-bodensee.de\/lindauer-fruchtgarten\/wp-content\/uploads\/sites\/3\/2022\/04\/maske-vid-1-1024x70.png 1024w, https:\/\/www.saefte-vom-bodensee.de\/lindauer-fruchtgarten\/wp-content\/uploads\/sites\/3\/2022\/04\/maske-vid-1-150x10.png 150w, https:\/\/www.saefte-vom-bodensee.de\/lindauer-fruchtgarten\/wp-content\/uploads\/sites\/3\/2022\/04\/maske-vid-1-768x52.png 768w, https:\/\/www.saefte-vom-bodensee.de\/lindauer-fruchtgarten\/wp-content\/uploads\/sites\/3\/2022\/04\/maske-vid-1-50x3.png 50w, https:\/\/www.saefte-vom-bodensee.de\/lindauer-fruchtgarten\/wp-content\/uploads\/sites\/3\/2022\/04\/maske-vid-1-1536x105.png 1536w, https:\/\/www.saefte-vom-bodensee.de\/lindauer-fruchtgarten\/wp-content\/uploads\/sites\/3\/2022\/04\/maske-vid-1-2048x140.png 2048w, https:\/\/www.saefte-vom-bodensee.de\/lindauer-fruchtgarten\/wp-content\/uploads\/sites\/3\/2022\/04\/maske-vid-1-260x18.png 260w\" sizes=\"(max-width: 3836px) 100vw, 3836px\" \/>\t\t\t\t\t\t\t\t\t\t\t\t\t\t\t<\/div>\n\t\t\t\t<\/div>\n\t\t\t\t\t<\/div>\n\t\t<\/div>\n\t\t\t\t\t<\/div>\n\t\t<\/section>\n\t\t\t\t<section class=\"elementor-section elementor-top-section elementor-element elementor-element-1efc9d1 elementor-section-full_width elementor-section-height-default elementor-section-height-default\" data-id=\"1efc9d1\" data-element_type=\"section\" data-e-type=\"section\">\n\t\t\t\t\t\t<div class=\"elementor-container elementor-column-gap-default\">\n\t\t\t\t\t<div class=\"elementor-column elementor-col-100 elementor-top-column elementor-element elementor-element-8afbebd\" data-id=\"8afbebd\" data-element_type=\"column\" data-e-type=\"column\">\n\t\t\t<div class=\"elementor-widget-wrap elementor-element-populated\">\n\t\t\t\t\t\t<div class=\"elementor-element elementor-element-f46cf18 elementor-widget elementor-widget-heading\" data-id=\"f46cf18\" data-element_type=\"widget\" data-e-type=\"widget\" data-widget_type=\"heading.default\">\n\t\t\t\t<div class=\"elementor-widget-container\">\n\t\t\t\t\t<h2 class=\"elementor-heading-title elementor-size-default\">Unsere milden S\u00e4fte<\/h2>\t\t\t\t<\/div>\n\t\t\t\t<\/div>\n\t\t\t\t<div class=\"elementor-element elementor-element-871830d elementor-grid-tablet-3 elementor-grid-mobile-2 elementor-grid-3 elementor-widget elementor-widget-portfolio\" data-id=\"871830d\" data-element_type=\"widget\" data-e-type=\"widget\" data-settings=\"{&quot;masonry&quot;:&quot;yes&quot;,&quot;_animation&quot;:&quot;none&quot;,&quot;row_gap&quot;:{&quot;unit&quot;:&quot;px&quot;,&quot;size&quot;:20,&quot;sizes&quot;:[]},&quot;columns_tablet&quot;:&quot;3&quot;,&quot;columns_mobile&quot;:&quot;2&quot;,&quot;columns&quot;:&quot;3&quot;,&quot;item_gap&quot;:{&quot;unit&quot;:&quot;px&quot;,&quot;size&quot;:&quot;&quot;,&quot;sizes&quot;:[]}}\" data-widget_type=\"portfolio.default\">\n\t\t\t\t<div class=\"elementor-widget-container\">\n\t\t\t\t\t\t\t<div class=\"elementor-portfolio elementor-grid elementor-posts-container\" role=\"list\">\n\t\t\t\t<article class=\"elementor-portfolio-item elementor-post elementor-filter-46 post-6290 portfolio type-portfolio status-publish has-post-thumbnail hentry portfolio-types-milde-saefte\" role=\"listitem\">\n\t\t\t<a class=\"elementor-post__thumbnail__link\" href=\"https:\/\/www.saefte-vom-bodensee.de\/lindauer-fruchtgarten\/blog\/portfolio-item\/milder-apfel\/\">\n\t\t\t\t<div class=\"elementor-portfolio-item__img elementor-post__thumbnail\">\n\t\t\t<img loading=\"lazy\" decoding=\"async\" width=\"1088\" height=\"1269\" src=\"https:\/\/www.saefte-vom-bodensee.de\/lindauer-fruchtgarten\/wp-content\/uploads\/sites\/3\/2022\/06\/LIF-MildeSa\u0308fte-Apfel-1L-1.png\" class=\"attachment-full size-full wp-image-7194\" alt=\"\" srcset=\"https:\/\/www.saefte-vom-bodensee.de\/lindauer-fruchtgarten\/wp-content\/uploads\/sites\/3\/2022\/06\/LIF-MildeSa\u0308fte-Apfel-1L-1.png 1088w, https:\/\/www.saefte-vom-bodensee.de\/lindauer-fruchtgarten\/wp-content\/uploads\/sites\/3\/2022\/06\/LIF-MildeSa\u0308fte-Apfel-1L-1-480x560.png 480w, https:\/\/www.saefte-vom-bodensee.de\/lindauer-fruchtgarten\/wp-content\/uploads\/sites\/3\/2022\/06\/LIF-MildeSa\u0308fte-Apfel-1L-1-1024x1194.png 1024w, https:\/\/www.saefte-vom-bodensee.de\/lindauer-fruchtgarten\/wp-content\/uploads\/sites\/3\/2022\/06\/LIF-MildeSa\u0308fte-Apfel-1L-1-129x150.png 129w, https:\/\/www.saefte-vom-bodensee.de\/lindauer-fruchtgarten\/wp-content\/uploads\/sites\/3\/2022\/06\/LIF-MildeSa\u0308fte-Apfel-1L-1-768x896.png 768w, https:\/\/www.saefte-vom-bodensee.de\/lindauer-fruchtgarten\/wp-content\/uploads\/sites\/3\/2022\/06\/LIF-MildeSa\u0308fte-Apfel-1L-1-43x50.png 43w, https:\/\/www.saefte-vom-bodensee.de\/lindauer-fruchtgarten\/wp-content\/uploads\/sites\/3\/2022\/06\/LIF-MildeSa\u0308fte-Apfel-1L-1-125x146.png 125w, https:\/\/www.saefte-vom-bodensee.de\/lindauer-fruchtgarten\/wp-content\/uploads\/sites\/3\/2022\/06\/LIF-MildeSa\u0308fte-Apfel-1L-1-64x75.png 64w\" sizes=\"(max-width: 1088px) 100vw, 1088px\" \/>\t\t<\/div>\n\t\t\t\t<div class=\"elementor-portfolio-item__overlay\">\n\t\t\t\t<h3 class=\"elementor-portfolio-item__title\">\n\t\tMilder Apfel\t\t<\/h3>\n\t\t\t\t<\/div>\n\t\t\t\t<\/a>\n\t\t<\/article>\n\t\t\t\t<article class=\"elementor-portfolio-item elementor-post elementor-filter-46 post-6285 portfolio type-portfolio status-publish has-post-thumbnail hentry portfolio-types-milde-saefte\" role=\"listitem\">\n\t\t\t<a class=\"elementor-post__thumbnail__link\" href=\"https:\/\/www.saefte-vom-bodensee.de\/lindauer-fruchtgarten\/blog\/portfolio-item\/milder-multi\/\">\n\t\t\t\t<div class=\"elementor-portfolio-item__img elementor-post__thumbnail\">\n\t\t\t<img loading=\"lazy\" decoding=\"async\" width=\"1088\" height=\"1269\" src=\"https:\/\/www.saefte-vom-bodensee.de\/lindauer-fruchtgarten\/wp-content\/uploads\/sites\/3\/2022\/06\/LIF-MildeSa\u0308fte-Multi-1L-1.png\" class=\"attachment-full size-full wp-image-7195\" alt=\"\" srcset=\"https:\/\/www.saefte-vom-bodensee.de\/lindauer-fruchtgarten\/wp-content\/uploads\/sites\/3\/2022\/06\/LIF-MildeSa\u0308fte-Multi-1L-1.png 1088w, https:\/\/www.saefte-vom-bodensee.de\/lindauer-fruchtgarten\/wp-content\/uploads\/sites\/3\/2022\/06\/LIF-MildeSa\u0308fte-Multi-1L-1-480x560.png 480w, https:\/\/www.saefte-vom-bodensee.de\/lindauer-fruchtgarten\/wp-content\/uploads\/sites\/3\/2022\/06\/LIF-MildeSa\u0308fte-Multi-1L-1-1024x1194.png 1024w, https:\/\/www.saefte-vom-bodensee.de\/lindauer-fruchtgarten\/wp-content\/uploads\/sites\/3\/2022\/06\/LIF-MildeSa\u0308fte-Multi-1L-1-129x150.png 129w, https:\/\/www.saefte-vom-bodensee.de\/lindauer-fruchtgarten\/wp-content\/uploads\/sites\/3\/2022\/06\/LIF-MildeSa\u0308fte-Multi-1L-1-768x896.png 768w, https:\/\/www.saefte-vom-bodensee.de\/lindauer-fruchtgarten\/wp-content\/uploads\/sites\/3\/2022\/06\/LIF-MildeSa\u0308fte-Multi-1L-1-43x50.png 43w, https:\/\/www.saefte-vom-bodensee.de\/lindauer-fruchtgarten\/wp-content\/uploads\/sites\/3\/2022\/06\/LIF-MildeSa\u0308fte-Multi-1L-1-125x146.png 125w, https:\/\/www.saefte-vom-bodensee.de\/lindauer-fruchtgarten\/wp-content\/uploads\/sites\/3\/2022\/06\/LIF-MildeSa\u0308fte-Multi-1L-1-64x75.png 64w\" sizes=\"(max-width: 1088px) 100vw, 1088px\" \/>\t\t<\/div>\n\t\t\t\t<div class=\"elementor-portfolio-item__overlay\">\n\t\t\t\t<h3 class=\"elementor-portfolio-item__title\">\n\t\tMilder Multi\t\t<\/h3>\n\t\t\t\t<\/div>\n\t\t\t\t<\/a>\n\t\t<\/article>\n\t\t\t\t<article class=\"elementor-portfolio-item elementor-post elementor-filter-46 post-6258 portfolio type-portfolio status-publish has-post-thumbnail hentry portfolio-types-milde-saefte\" role=\"listitem\">\n\t\t\t<a class=\"elementor-post__thumbnail__link\" href=\"https:\/\/www.saefte-vom-bodensee.de\/lindauer-fruchtgarten\/blog\/portfolio-item\/milde-orange\/\">\n\t\t\t\t<div class=\"elementor-portfolio-item__img elementor-post__thumbnail\">\n\t\t\t<img loading=\"lazy\" decoding=\"async\" width=\"1088\" height=\"1269\" src=\"https:\/\/www.saefte-vom-bodensee.de\/lindauer-fruchtgarten\/wp-content\/uploads\/sites\/3\/2022\/06\/LIF-MildeSa\u0308fte-Orange-1L-1.png\" class=\"attachment-full size-full wp-image-7196\" alt=\"\" srcset=\"https:\/\/www.saefte-vom-bodensee.de\/lindauer-fruchtgarten\/wp-content\/uploads\/sites\/3\/2022\/06\/LIF-MildeSa\u0308fte-Orange-1L-1.png 1088w, https:\/\/www.saefte-vom-bodensee.de\/lindauer-fruchtgarten\/wp-content\/uploads\/sites\/3\/2022\/06\/LIF-MildeSa\u0308fte-Orange-1L-1-480x560.png 480w, https:\/\/www.saefte-vom-bodensee.de\/lindauer-fruchtgarten\/wp-content\/uploads\/sites\/3\/2022\/06\/LIF-MildeSa\u0308fte-Orange-1L-1-1024x1194.png 1024w, https:\/\/www.saefte-vom-bodensee.de\/lindauer-fruchtgarten\/wp-content\/uploads\/sites\/3\/2022\/06\/LIF-MildeSa\u0308fte-Orange-1L-1-129x150.png 129w, https:\/\/www.saefte-vom-bodensee.de\/lindauer-fruchtgarten\/wp-content\/uploads\/sites\/3\/2022\/06\/LIF-MildeSa\u0308fte-Orange-1L-1-768x896.png 768w, https:\/\/www.saefte-vom-bodensee.de\/lindauer-fruchtgarten\/wp-content\/uploads\/sites\/3\/2022\/06\/LIF-MildeSa\u0308fte-Orange-1L-1-43x50.png 43w, https:\/\/www.saefte-vom-bodensee.de\/lindauer-fruchtgarten\/wp-content\/uploads\/sites\/3\/2022\/06\/LIF-MildeSa\u0308fte-Orange-1L-1-125x146.png 125w, https:\/\/www.saefte-vom-bodensee.de\/lindauer-fruchtgarten\/wp-content\/uploads\/sites\/3\/2022\/06\/LIF-MildeSa\u0308fte-Orange-1L-1-64x75.png 64w\" sizes=\"(max-width: 1088px) 100vw, 1088px\" \/>\t\t<\/div>\n\t\t\t\t<div class=\"elementor-portfolio-item__overlay\">\n\t\t\t\t<h3 class=\"elementor-portfolio-item__title\">\n\t\tMilde Orange\t\t<\/h3>\n\t\t\t\t<\/div>\n\t\t\t\t<\/a>\n\t\t<\/article>\n\t\t\t\t<\/div>\n\t\t\t\t\t\t<\/div>\n\t\t\t\t<\/div>\n\t\t\t\t\t<\/div>\n\t\t<\/div>\n\t\t\t\t\t<\/div>\n\t\t<\/section>\n\t\t\t\t<\/div>\n\t\t","protected":false},"excerpt":{"rendered":"","protected":false},"author":1,"featured_media":0,"parent":0,"menu_order":0,"comment_status":"closed","ping_status":"closed","template":"elementor_header_footer","meta":{"footnotes":""},"class_list":["post-5945","page","type-page","status-publish","hentry"],"yoast_head":"<!-- This site is optimized with the Yoast SEO plugin v27.4 - https:\/\/yoast.com\/product\/yoast-seo-wordpress\/ -->\n<title>Milde S\u00e4fte aus dem Lindauer Fruchtgarten<\/title>\n<meta name=\"description\" content=\"Lieber auf die sanfte Tour? K\u00f6nnen wir auch! Mit unseren 3 beliebten S\u00e4ften aus s\u00e4urearmen Fr\u00fcchten: milder Apfel, milde Orange, milder Multi\" \/>\n<meta name=\"robots\" content=\"index, follow, max-snippet:-1, max-image-preview:large, max-video-preview:-1\" \/>\n<link rel=\"canonical\" href=\"https:\/\/www.saefte-vom-bodensee.de\/lindauer-fruchtgarten\/milde-saefte\/\" \/>\n<meta property=\"og:locale\" content=\"de_DE\" \/>\n<meta property=\"og:type\" content=\"article\" \/>\n<meta property=\"og:title\" content=\"Milde S\u00e4fte aus dem Lindauer Fruchtgarten\" \/>\n<meta property=\"og:description\" content=\"Lieber auf die sanfte Tour? K\u00f6nnen wir auch! Mit unseren 3 beliebten S\u00e4ften aus s\u00e4urearmen Fr\u00fcchten: milder Apfel, milde Orange, milder Multi\" \/>\n<meta property=\"og:url\" content=\"https:\/\/www.saefte-vom-bodensee.de\/lindauer-fruchtgarten\/milde-saefte\/\" \/>\n<meta property=\"og:site_name\" content=\"Lindauer Fruchtgarten\" \/>\n<meta property=\"article:modified_time\" content=\"2023-04-20T14:09:12+00:00\" \/>\n<meta property=\"og:image\" content=\"https:\/\/saefte-vom-bodensee.de\/lindauer-fruchtgarten\/wp-content\/uploads\/sites\/3\/2022\/06\/LIF-Milde-Saefte-1l.png?_t=1668507809\" \/>\n<meta name=\"twitter:card\" content=\"summary_large_image\" \/>\n<meta name=\"twitter:label1\" content=\"Gesch\u00e4tzte Lesezeit\" \/>\n\t<meta name=\"twitter:data1\" content=\"2\u00a0Minuten\" \/>\n<!-- \/ Yoast SEO plugin. -->","yoast_head_json":{"title":"Milde S\u00e4fte aus dem Lindauer Fruchtgarten","description":"Lieber auf die sanfte Tour? K\u00f6nnen wir auch! Mit unseren 3 beliebten S\u00e4ften aus s\u00e4urearmen Fr\u00fcchten: milder Apfel, milde Orange, milder Multi","robots":{"index":"index","follow":"follow","max-snippet":"max-snippet:-1","max-image-preview":"max-image-preview:large","max-video-preview":"max-video-preview:-1"},"canonical":"https:\/\/www.saefte-vom-bodensee.de\/lindauer-fruchtgarten\/milde-saefte\/","og_locale":"de_DE","og_type":"article","og_title":"Milde S\u00e4fte aus dem Lindauer Fruchtgarten","og_description":"Lieber auf die sanfte Tour? K\u00f6nnen wir auch! Mit unseren 3 beliebten S\u00e4ften aus s\u00e4urearmen Fr\u00fcchten: milder Apfel, milde Orange, milder Multi","og_url":"https:\/\/www.saefte-vom-bodensee.de\/lindauer-fruchtgarten\/milde-saefte\/","og_site_name":"Lindauer Fruchtgarten","article_modified_time":"2023-04-20T14:09:12+00:00","og_image":[{"url":"https:\/\/saefte-vom-bodensee.de\/lindauer-fruchtgarten\/wp-content\/uploads\/sites\/3\/2022\/06\/LIF-Milde-Saefte-1l.png?_t=1668507809","type":"","width":"","height":""}],"twitter_card":"summary_large_image","twitter_misc":{"Gesch\u00e4tzte Lesezeit":"2\u00a0Minuten"},"schema":{"@context":"https:\/\/schema.org","@graph":[{"@type":"WebPage","@id":"https:\/\/www.saefte-vom-bodensee.de\/lindauer-fruchtgarten\/milde-saefte\/","url":"https:\/\/www.saefte-vom-bodensee.de\/lindauer-fruchtgarten\/milde-saefte\/","name":"Milde S\u00e4fte aus dem Lindauer Fruchtgarten","isPartOf":{"@id":"https:\/\/www.saefte-vom-bodensee.de\/lindauer-fruchtgarten\/#website"},"primaryImageOfPage":{"@id":"https:\/\/www.saefte-vom-bodensee.de\/lindauer-fruchtgarten\/milde-saefte\/#primaryimage"},"image":{"@id":"https:\/\/www.saefte-vom-bodensee.de\/lindauer-fruchtgarten\/milde-saefte\/#primaryimage"},"thumbnailUrl":"https:\/\/saefte-vom-bodensee.de\/lindauer-fruchtgarten\/wp-content\/uploads\/sites\/3\/2022\/06\/LIF-Milde-Saefte-1l.png?_t=1668507809","datePublished":"2022-06-21T14:28:32+00:00","dateModified":"2023-04-20T14:09:12+00:00","description":"Lieber auf die sanfte Tour? K\u00f6nnen wir auch! Mit unseren 3 beliebten S\u00e4ften aus s\u00e4urearmen Fr\u00fcchten: milder Apfel, milde Orange, milder Multi","breadcrumb":{"@id":"https:\/\/www.saefte-vom-bodensee.de\/lindauer-fruchtgarten\/milde-saefte\/#breadcrumb"},"inLanguage":"de","potentialAction":[{"@type":"ReadAction","target":["https:\/\/www.saefte-vom-bodensee.de\/lindauer-fruchtgarten\/milde-saefte\/"]}]},{"@type":"ImageObject","inLanguage":"de","@id":"https:\/\/www.saefte-vom-bodensee.de\/lindauer-fruchtgarten\/milde-saefte\/#primaryimage","url":"https:\/\/saefte-vom-bodensee.de\/lindauer-fruchtgarten\/wp-content\/uploads\/sites\/3\/2022\/06\/LIF-Milde-Saefte-1l.png?_t=1668507809","contentUrl":"https:\/\/saefte-vom-bodensee.de\/lindauer-fruchtgarten\/wp-content\/uploads\/sites\/3\/2022\/06\/LIF-Milde-Saefte-1l.png?_t=1668507809"},{"@type":"BreadcrumbList","@id":"https:\/\/www.saefte-vom-bodensee.de\/lindauer-fruchtgarten\/milde-saefte\/#breadcrumb","itemListElement":[{"@type":"ListItem","position":1,"name":"Startseite","item":"https:\/\/www.saefte-vom-bodensee.de\/lindauer-fruchtgarten\/"},{"@type":"ListItem","position":2,"name":"Milde S\u00e4fte"}]},{"@type":"WebSite","@id":"https:\/\/www.saefte-vom-bodensee.de\/lindauer-fruchtgarten\/#website","url":"https:\/\/www.saefte-vom-bodensee.de\/lindauer-fruchtgarten\/","name":"Lindauer Fruchtgarten","description":"","potentialAction":[{"@type":"SearchAction","target":{"@type":"EntryPoint","urlTemplate":"https:\/\/www.saefte-vom-bodensee.de\/lindauer-fruchtgarten\/?s={search_term_string}"},"query-input":{"@type":"PropertyValueSpecification","valueRequired":true,"valueName":"search_term_string"}}],"inLanguage":"de"}]}},"acf":[],"_links":{"self":[{"href":"https:\/\/www.saefte-vom-bodensee.de\/lindauer-fruchtgarten\/wp-json\/wp\/v2\/pages\/5945","targetHints":{"allow":["GET"]}}],"collection":[{"href":"https:\/\/www.saefte-vom-bodensee.de\/lindauer-fruchtgarten\/wp-json\/wp\/v2\/pages"}],"about":[{"href":"https:\/\/www.saefte-vom-bodensee.de\/lindauer-fruchtgarten\/wp-json\/wp\/v2\/types\/page"}],"author":[{"embeddable":true,"href":"https:\/\/www.saefte-vom-bodensee.de\/lindauer-fruchtgarten\/wp-json\/wp\/v2\/users\/1"}],"replies":[{"embeddable":true,"href":"https:\/\/www.saefte-vom-bodensee.de\/lindauer-fruchtgarten\/wp-json\/wp\/v2\/comments?post=5945"}],"version-history":[{"count":0,"href":"https:\/\/www.saefte-vom-bodensee.de\/lindauer-fruchtgarten\/wp-json\/wp\/v2\/pages\/5945\/revisions"}],"wp:attachment":[{"href":"https:\/\/www.saefte-vom-bodensee.de\/lindauer-fruchtgarten\/wp-json\/wp\/v2\/media?parent=5945"}],"curies":[{"name":"wp","href":"https:\/\/api.w.org\/{rel}","templated":true}]}}